{"id":2316,"date":"2025-05-23T02:55:42","date_gmt":"2025-05-23T02:55:42","guid":{"rendered":"https:\/\/chinahearingaid.com\/?post_type=product&#038;p=2316"},"modified":"2025-06-15T06:57:54","modified_gmt":"2025-06-15T06:57:54","slug":"z06-low-cost-bte-rechargeable-hearing-aids-dealers","status":"publish","type":"product","link":"https:\/\/chinahearingaid.com\/es\/z06-low-cost-bte-rechargeable-hearing-aids-dealers\/","title":{"rendered":"Distribuidores de aud\u00edfonos recargables BTE de bajo coste Z06"},"content":{"rendered":"<h2 data-v-md-heading=\"discover-it\" data-v-md-line=\"3\"><strong>Desc\u00fabrelo<\/strong><\/h2>\n<p data-v-md-line=\"5\"><strong>\u00bfQuiere o\u00edr mejor cada d\u00eda?<\/strong><br \/>\n<strong>\u00bfQuieres algo seguro, f\u00e1cil y hecho para gente real como t\u00fa?<\/strong><br \/>\nTry our\u00a0<strong>Distribuidores de aud\u00edfonos retroauriculares<\/strong>. Estos son\u00a0<strong>Distribuidores de aud\u00edfonos recargables de bajo coste<\/strong>\u00a0\u00a1hecho para ti!<br \/>\n<strong>te ayudar\u00e1 a ti o a un ser querido a volver a o\u00edr.<\/strong><\/p>\n<h2 data-v-md-heading=\"why-pick-it\" data-v-md-line=\"11\"><strong>\u00bfPor qu\u00e9 elegirlo?<\/strong><\/h2>\n<ul data-v-md-line=\"13\">\n<li><strong>Bajo coste:<\/strong>\u00a0Ahorra mucho dinero. Con \u00e9l pagas mucho menos.<\/li>\n<li><strong>Recargable:<\/strong>\u00a0Sin pilas peque\u00f1as. C\u00e1rgalo durante la noche y \u00fasalo todo el d\u00eda.<\/li>\n<li><strong>Seguro:<\/strong>\u00a0Nuestros aud\u00edfonos est\u00e1n registrados por la FDA y cuentan con la certificaci\u00f3n CE\/ISO.<\/li>\n<li><strong>Comodidad:<\/strong>\u00a0Estilo BTE ligero. Se coloca detr\u00e1s de la oreja. Sienta bien todo el d\u00eda.<\/li>\n<li><strong>F\u00e1cil de usar:<\/strong>\u00a0Botones sencillos. Elige el mejor modo de sonido. P\u00f3ntelo y listo<\/li>\n<\/ul>\n<h2 data-v-md-heading=\"cool-features-from-it\" data-v-md-line=\"20\"><strong>Caracter\u00edsticas interesantes<\/strong><\/h2>\n\n<table id=\"tablepress-5\" class=\"tablepress tablepress-id-5\">\n<thead>\n<tr class=\"row-1\">\n\t<th class=\"column-1\">Caracter\u00edstica<\/th><th class=\"column-2\">Qu\u00e9 hace<\/th>\n<\/tr>\n<\/thead>\n<tbody class=\"row-striping row-hover\">\n<tr class=\"row-2\">\n\t<td class=\"column-1\">Alimentaci\u00f3n recargable<\/td><td class=\"column-2\">Funciona entre 16 y 24 horas con una sola carga. Carga tus aud\u00edfonos durante la noche. \u00a1Sin pilas peque\u00f1as!<\/td>\n<\/tr>\n<tr class=\"row-3\">\n\t<td class=\"column-1\">Volumen ajustable<\/td><td class=\"column-2\">\u8033\u306e\u4e2d\u306b\u88c5\u7740\u3059\u308b\u30bf\u30a4\u30d7\uff08ITE\uff09<\/td>\n<\/tr>\n<tr class=\"row-4\">\n\t<td class=\"column-1\">Reducci\u00f3n del ruido<\/td><td class=\"column-2\">Detiene los sonidos de fondo para que oigas mejor a la gente y la televisi\u00f3n.<\/td>\n<\/tr>\n<tr class=\"row-5\">\n\t<td class=\"column-1\">Bloque de informaci\u00f3n<\/td><td class=\"column-2\">Se acabaron los chirridos y pitidos en el o\u00eddo.<\/td>\n<\/tr>\n<tr class=\"row-6\">\n\t<td class=\"column-1\">Comodidad durante todo el d\u00eda<\/td><td class=\"column-2\">Muy ligeros. Viene con almohadillas peque\u00f1as, medianas o grandes para un mejor ajuste.<\/td>\n<\/tr>\n<tr class=\"row-7\">\n\t<td class=\"column-1\">Carga port\u00e1til<\/td><td class=\"column-2\">Lleve su cargador a cualquier parte. Carga tus aud\u00edfonos sobre la marcha.<\/td>\n<\/tr>\n<\/tbody>\n<\/table>\n<!-- #tablepress-5 from cache -->\n<p data-v-md-line=\"31\"><strong>facilita la audici\u00f3n en casa, en la escuela, al aire libre o en cualquier lugar.<\/strong><\/p>\n<h2 data-v-md-heading=\"where-can-you-use-it\" data-v-md-line=\"34\"><strong>\u00bfD\u00f3nde se puede utilizar?<\/strong><\/h2>\n<ul data-v-md-line=\"36\">\n<li><strong>Hablar con la familia<\/strong><\/li>\n<li><strong>Ver la televisi\u00f3n o pel\u00edculas<\/strong><\/li>\n<li><strong>En aulas o reuniones<\/strong><\/li>\n<li><strong>En el patio de recreo<\/strong><\/li>\n<li><strong>De compras o de viaje<\/strong><\/li>\n<li><strong>\u00a1Cualquier lugar que desee escuchar bien!<\/strong><\/li>\n<\/ul>\n<h2 data-v-md-heading=\"who-should-use-it\" data-v-md-line=\"44\"><strong>\u00bfQui\u00e9n debe utilizarlo?<\/strong><\/h2>\n<ul data-v-md-line=\"45\">\n<li>Ni\u00f1os con p\u00e9rdida de audici\u00f3n leve o moderada<\/li>\n<li>Adultos que desean una audici\u00f3n sencilla y mejor<\/li>\n<li>Cualquiera que busque aud\u00edfonos baratos y con las mejores prestaciones<\/li>\n<\/ul>\n<h2 data-v-md-heading=\"real-reviews-for-it\" data-v-md-line=\"50\"><strong>Rese\u00f1as reales<\/strong><\/h2>\n<blockquote data-v-md-line=\"52\">\n<p data-v-md-line=\"52\"><strong>\"Ahora oigo a mis nietos. F\u00e1cil de cargar. Sin complicaciones. Me encantan mis aud\u00edfonos retroauriculares Vendor Dealers\".<\/strong><br \/>\n- Cliente satisfecho<\/p>\n<\/blockquote>\n<blockquote data-v-md-line=\"55\">\n<p data-v-md-line=\"55\"><strong>\"Puedo volver a hablar con mis amigos en la comida. Me siento incluido\".<\/strong><br \/>\n- Estudiante alegre<\/p>\n<\/blockquote>\n<h2 data-v-md-heading=\"strong-brands-you-know\" data-v-md-line=\"59\"><strong>Marcas fuertes que conoces<\/strong><\/h2>\n<p data-v-md-line=\"61\">te trae nombres de confianza:<br \/>\n<strong>MDHearing, Jabra Enhance, Signia, Oticon, Phonak, Resound, Eargo, Kirkland, Audien, Elehear, Lexie, Audicus y muchos m\u00e1s.<\/strong><br \/>\nElige entre muchos dise\u00f1os y colores BTE de confianza, \u00a1s\u00f3lo para ti!<\/p>\n<h2 data-v-md-heading=\"trusted-dealer-table\" data-v-md-line=\"66\"><strong>Mesa de Distribuidores de Confianza<\/strong><\/h2>\n\n<table id=\"tablepress-4\" class=\"tablepress tablepress-id-4\">\n<thead>\n<tr class=\"row-1\">\n\t<th class=\"column-1\">Marca \/ Modelo<\/th><th class=\"column-2\">Battery Life<\/th><th class=\"column-3\">Reducci\u00f3n del ruido<\/th><th class=\"column-4\">Garant\u00eda<\/th><th class=\"column-5\">Precio diario<\/th>\n<\/tr>\n<\/thead>\n<tbody class=\"row-striping row-hover\">\n<tr class=\"row-2\">\n\t<td class=\"column-1\">MDHearing AIR<\/td><td class=\"column-2\">24 horas<\/td><td class=\"column-3\">S\u00ed<\/td><td class=\"column-4\">1 a\u00f1o<\/td><td class=\"column-5\">Muy bajo<\/td>\n<\/tr>\n<tr class=\"row-3\">\n\t<td class=\"column-1\">Jabra Enhance<\/td><td class=\"column-2\">30 horas<\/td><td class=\"column-3\">S\u00ed<\/td><td class=\"column-4\">3 a\u00f1os<\/td><td class=\"column-5\">Bajo<\/td>\n<\/tr>\n<tr class=\"row-4\">\n\t<td class=\"column-1\">Signia Carga Pura<\/td><td class=\"column-2\">24 horas<\/td><td class=\"column-3\">S\u00ed<\/td><td class=\"column-4\">2 a\u00f1os<\/td><td class=\"column-5\">Bajo<\/td>\n<\/tr>\n<tr class=\"row-5\">\n\t<td class=\"column-1\">Enlace Eargo<\/td><td class=\"column-2\">9 horas<\/td><td class=\"column-3\">S\u00ed<\/td><td class=\"column-4\">1 a\u00f1o<\/td><td class=\"column-5\">Bajo<\/td>\n<\/tr>\n<\/tbody>\n<\/table>\n<!-- #tablepress-4 from cache -->\n<h2 data-v-md-heading=\"many-great-choices-from-it\" data-v-md-line=\"76\"><strong>Muchas grandes opciones<\/strong><\/h2>\n<ul data-v-md-line=\"78\">\n<li><strong>Aud\u00edfonos digitales<\/strong>\u00a0- para un sonido n\u00edtido<\/li>\n<li><strong>Mini aud\u00edfonos retroauriculares<\/strong>\u00a0- peque\u00f1o y c\u00f3modo detr\u00e1s de la oreja<\/li>\n<li><strong>Aud\u00edfonos con reducci\u00f3n de ruido<\/strong>\u00a0- bloquear lugares ruidosos<\/li>\n<\/ul>\n<h2 data-v-md-heading=\"want-to-see-more\" data-v-md-line=\"84\"><strong>\u00bfQuiere ver m\u00e1s?<\/strong><\/h2>\n<ul data-v-md-line=\"86\">\n<li><a href=\"https:\/\/chinahearingaid.com\/es\/bte-hearing-aids\/\" target=\"_blank\" rel=\"noopener\">Vea aqu\u00ed todos los aud\u00edfonos retroauriculares.<\/a><\/li>\n<li><a href=\"https:\/\/chinahearingaid.com\/es\/new\/\" target=\"_blank\" rel=\"noopener\">\u00a1Pruebe los NUEVOS aud\u00edfonos de la mejor f\u00e1brica de aud\u00edfonos de China!<\/a><\/li>\n<li><a href=\"https:\/\/chinahearingaid.com\/es\/rechargeable-hearing-aids\/\" target=\"_blank\" rel=\"noopener\">Echa un vistazo a la colecci\u00f3n de aud\u00edfonos recargables.<\/a><\/li>\n<li><a href=\"https:\/\/chinahearingaid.com\/es\/z06-low-cost-bte-rechargeable-hearing-aids-dealers\/\" target=\"_blank\" rel=\"noopener\">Encuentre proveedores de aud\u00edfonos retroauriculares baratos en esta p\u00e1gina.<\/a><\/li>\n<\/ul>\n<h2 data-v-md-heading=\"why-buy-from-it\" data-v-md-line=\"92\"><strong>\u00bfPor qu\u00e9 comprarle?<\/strong><\/h2>\n<ul data-v-md-line=\"94\">\n<li>Directo de\u00a0<strong>Distribuidores de aud\u00edfonos retroauriculares<\/strong>\u00a0y\u00a0<strong>Distribuidores de aud\u00edfonos recargables de bajo coste<\/strong>As\u00ed ahorrar\u00e1 a\u00fan m\u00e1s.<\/li>\n<li>Todas las funciones, la seguridad y la asistencia que desea: siempre sencillo, siempre f\u00e1cil.<\/li>\n<\/ul>\n<h2 data-v-md-heading=\"ready-for-simple-better-hearing\" data-v-md-line=\"98\"><strong>\u00bfPreparado para o\u00edr mejor?<\/strong><\/h2>\n<p data-v-md-line=\"100\"><strong>Pru\u00e9belo hoy mismo.<\/strong><br \/>\nF\u00e1ciles de usar. Seguro y resistente.<br \/>\nLos distribuidores de aud\u00edfonos recargables baratos est\u00e1n aqu\u00ed para usted.<br \/>\nS\u00e9 feliz, s\u00e9 fuerte: \u00a1escucha la vida con nosotros!<\/p>\n<blockquote data-v-md-line=\"106\">\n<p data-v-md-line=\"106\"><strong>Visite ahora los mejores distribuidores de aud\u00edfonos retroauriculares:<\/strong><br \/>\n<a href=\"https:\/\/chinahearingaid.com\/es\/z06-low-cost-bte-rechargeable-hearing-aids-dealers\/\" target=\"_blank\" rel=\"noopener\">Distribuidores de aud\u00edfonos retroauriculares<\/a><br \/>\n<a href=\"https:\/\/chinahearingaid.com\/es\/z06-low-cost-bte-rechargeable-hearing-aids-dealers\/\" target=\"_blank\" rel=\"noopener\">Distribuidores de aud\u00edfonos recargables de bajo coste<\/a><br \/>\n<a href=\"https:\/\/chinahearingaid.com\/es\/bte-hearing-aids\/\" target=\"_blank\" rel=\"noopener\">Aud\u00edfonos BTE<\/a><br \/>\n<a href=\"https:\/\/chinahearingaid.com\/es\/rechargeable-hearing-aids\/\" target=\"_blank\" rel=\"noopener\">Aud\u00edfonos recargables<\/a><\/p>\n<\/blockquote>\n<p data-v-md-line=\"113\"><strong>Gran sonido. Peque\u00f1o precio. Todo sonrisas. \u00a1es para ti!<\/strong><\/p>","protected":false},"excerpt":{"rendered":"<p><span class=\"ng-star-inserted\">Oiga mejor cada d\u00eda con nuestros aud\u00edfonos retroauriculares recargables de bajo coste. Seguro, f\u00e1cil y hecho para usted, ayud\u00e1ndole a usted o a un ser querido a o\u00edr de nuevo. \u00a1Ahorre a lo grande! Sin pilas peque\u00f1as: rec\u00e1rguelos durante la noche para utilizarlos durante 16-24 horas al d\u00eda. Registrado por la FDA y certificado CE\/ISO. Ligeros y c\u00f3modos, se colocan detr\u00e1s de la oreja. Botones sencillos para los modos de sonido y la reducci\u00f3n de ruido. Sonido n\u00edtido en cualquier lugar. Visite los distribuidores de aud\u00edfonos retroauriculares. Gran sonido, peque\u00f1o precio, \u00a1todo sonrisas!<\/span><\/p>","protected":false},"featured_media":3120,"template":"","meta":{"_kad_post_transparent":"default","_kad_post_title":"","_kad_post_layout":"default","_kad_post_sidebar_id":"","_kad_post_content_style":"default","_kad_post_vertical_padding":"default","_kad_post_feature":"","_kad_post_feature_position":"","_kad_post_header":false,"_kad_post_footer":false,"_kad_post_classname":""},"product_brand":[],"product_cat":[15,544,559,563],"product_tag":[732,733],"class_list":{"0":"post-2316","1":"product","2":"type-product","3":"status-publish","4":"has-post-thumbnail","6":"product_cat-hearing-aid-by-types","7":"product_cat-bte-hearing-aids","8":"product_cat-hearing-aid-by-features","9":"product_cat-rechargeable-hearing-aids","10":"product_tag-bte-hearing-aids-vendor-dealers","11":"product_tag-low-cost-rechargeable-hearing-aids-dealers","13":"first","14":"instock","15":"shipping-taxable","16":"product-type-simple","17":"entry","18":"content-bg","19":"loop-entry"},"_links":{"self":[{"href":"https:\/\/chinahearingaid.com\/es\/wp-json\/wp\/v2\/product\/2316","targetHints":{"allow":["GET"]}}],"collection":[{"href":"https:\/\/chinahearingaid.com\/es\/wp-json\/wp\/v2\/product"}],"about":[{"href":"https:\/\/chinahearingaid.com\/es\/wp-json\/wp\/v2\/types\/product"}],"wp:featuredmedia":[{"embeddable":true,"href":"https:\/\/chinahearingaid.com\/es\/wp-json\/wp\/v2\/media\/3120"}],"wp:attachment":[{"href":"https:\/\/chinahearingaid.com\/es\/wp-json\/wp\/v2\/media?parent=2316"}],"wp:term":[{"taxonomy":"product_brand","embeddable":true,"href":"https:\/\/chinahearingaid.com\/es\/wp-json\/wp\/v2\/product_brand?post=2316"},{"taxonomy":"product_cat","embeddable":true,"href":"https:\/\/chinahearingaid.com\/es\/wp-json\/wp\/v2\/product_cat?post=2316"},{"taxonomy":"product_tag","embeddable":true,"href":"https:\/\/chinahearingaid.com\/es\/wp-json\/wp\/v2\/product_tag?post=2316"}],"curies":[{"name":"wp","href":"https:\/\/api.w.org\/{rel}","templated":true}]}}