{"id":2317,"date":"2025-05-23T02:55:43","date_gmt":"2025-05-23T02:55:43","guid":{"rendered":"https:\/\/chinahearingaid.com\/?post_type=product&#038;p=2317"},"modified":"2025-06-15T06:54:31","modified_gmt":"2025-06-15T06:54:31","slug":"z07-amazon-bte-rechargeable-hearing-aids-factory-supply","status":"publish","type":"product","link":"https:\/\/chinahearingaid.com\/es\/z07-amazon-bte-rechargeable-hearing-aids-factory-supply\/","title":{"rendered":"Z07 Amazon BTE aud\u00edfonos recargables suministro de f\u00e1brica"},"content":{"rendered":"<h2 data-v-md-heading=\"what-are-bte-hearing-aids-factory-supply\" data-v-md-line=\"6\"><strong>\u00bfQu\u00e9 son los aud\u00edfonos retroauriculares?<\/strong><\/h2>\n<ul data-v-md-line=\"7\">\n<li><strong>BTE significa Behind the Ear (detr\u00e1s del o\u00eddo).<\/strong><\/li>\n<li><strong>Lleva aud\u00edfonos retroauriculares Factory Supply detr\u00e1s de la oreja.<\/strong><\/li>\n<li><strong>Le ayudan a o\u00edr mejor los sonidos en lugares silenciosos y ruidosos.<\/strong><\/li>\n<\/ul>\n<h2 data-v-md-heading=\"main-features\" data-v-md-line=\"12\"><strong>Caracter\u00edsticas principales<\/strong><\/h2>\n\n<table id=\"tablepress-2\" class=\"tablepress tablepress-id-2\">\n<thead>\n<tr class=\"row-1\">\n\t<th class=\"column-1\">Caracter\u00edstica<\/th><th class=\"column-2\">Por qu\u00e9 le ayuda<\/th>\n<\/tr>\n<\/thead>\n<tbody class=\"row-striping row-hover\">\n<tr class=\"row-2\">\n\t<td class=\"column-1\">Rechargeable<\/td><td class=\"column-2\">No es necesario comprar pilas nuevas. C\u00e1rgalas por la noche y \u00fasalas todo el d\u00eda.<\/td>\n<\/tr>\n<tr class=\"row-3\">\n\t<td class=\"column-1\">Bater\u00eda de larga duraci\u00f3n<\/td><td class=\"column-2\">Dura hasta 24 horas con una sola carga.<\/td>\n<\/tr>\n<tr class=\"row-4\">\n\t<td class=\"column-1\">Lightweight<\/td><td class=\"column-2\">Se siente ligero y c\u00f3modo detr\u00e1s de la oreja.<\/td>\n<\/tr>\n<tr class=\"row-5\">\n\t<td class=\"column-1\">Reducci\u00f3n del ruido<\/td><td class=\"column-2\">Hace que las voces y los sonidos sean claros. Menos ruido de fondo.<\/td>\n<\/tr>\n<tr class=\"row-6\">\n\t<td class=\"column-1\">Modos f\u00e1ciles<\/td><td class=\"column-2\">Elige \"H\" para chatear en grupo. Elige \"L\" para ver la tele o estar en silencio.<\/td>\n<\/tr>\n<tr class=\"row-7\">\n\t<td class=\"column-1\">Conformidad con la FDA<\/td><td class=\"column-2\">Seguro y cumple todas las normas.<\/td>\n<\/tr>\n<tr class=\"row-8\">\n\t<td class=\"column-1\">Se adapta a la mayor\u00eda<\/td><td class=\"column-2\">Sirve para p\u00e9rdidas auditivas leves, medias y fuertes.<\/td>\n<\/tr>\n<tr class=\"row-9\">\n\t<td class=\"column-1\">Suministro de f\u00e1brica a granel<\/td><td class=\"column-2\">Pida 50 o m\u00e1s. Bueno para tiendas o revendedores.<\/td>\n<\/tr>\n<\/tbody>\n<\/table>\n<!-- #tablepress-2 from cache -->\n<h2 data-v-md-heading=\"why-pick-amazon-rechargeable-hearing-aids-factory-supply\" data-v-md-line=\"28\"><strong>\u00bfPor qu\u00e9 elegir el suministro de f\u00e1brica de aud\u00edfonos recargables de Amazon?<\/strong><\/h2>\n<p data-v-md-line=\"30\"><strong>Vea qu\u00e9 les hace especiales:<\/strong><\/p>\n<ul data-v-md-line=\"31\">\n<li>Preoptimizado para\u00a0<a href=\"https:\/\/chinahearingaid.com\/es\/z07-amazon-bte-rechargeable-hearing-aids-factory-supply\/\" target=\"_blank\" rel=\"noopener\">Amazon FBA<\/a>.<\/li>\n<li>Ponga su marca en la caja con opciones de marca blanca.<\/li>\n<li>Con la confianza de muchas tiendas. Listo para enviar r\u00e1pidamente.<\/li>\n<\/ul>\n<h2 data-v-md-heading=\"how-to-use\" data-v-md-line=\"38\"><strong>C\u00f3mo utilizarlo<\/strong><\/h2>\n<ol data-v-md-line=\"40\">\n<li><strong>Col\u00f3quese los aud\u00edfonos BTE Factory Supply en la oreja.<\/strong><\/li>\n<li><strong>Elige el modo:<\/strong>\n<ul data-v-md-line=\"42\">\n<li>H = para grupos<\/li>\n<li>L = para TV o ruidos silenciosos<\/li>\n<\/ul>\n<\/li>\n<li><strong>Ajusta el sonido a tu gusto.<\/strong><\/li>\n<li><strong>C\u00e1rgalo mientras duermes. \u00dasalo al d\u00eda siguiente.<\/strong><\/li>\n<\/ol>\n<h2 data-v-md-heading=\"who-should-use-these\" data-v-md-line=\"50\"><strong>\u00bfQui\u00e9n debe utilizarlos?<\/strong><\/h2>\n<ul data-v-md-line=\"52\">\n<li><strong>Ni\u00f1os y adultos<\/strong>\u00a0con p\u00e9rdida auditiva<\/li>\n<li><strong>Personas que llevan gafas<\/strong><\/li>\n<li><strong>Personas mayores que desean un cuidado auditivo sencillo<\/strong><\/li>\n<li><strong>Propietarios de tiendas en Amazon<\/strong><\/li>\n<\/ul>\n<h2 data-v-md-heading=\"usage-scenarios\" data-v-md-line=\"60\"><strong>Escenarios de uso<\/strong><\/h2>\n<ul data-v-md-line=\"62\">\n<li>En casa viendo la televisi\u00f3n<\/li>\n<li>Hablar con amigos en grupo<\/li>\n<li>En la escuela o el trabajo<\/li>\n<li>Compras en mercados concurridos<\/li>\n<\/ul>\n<h2 data-v-md-heading=\"more-about-hearing-aids\" data-v-md-line=\"70\"><strong>M\u00e1s sobre aud\u00edfonos<\/strong><\/h2>\n<p data-v-md-line=\"72\">M\u00e1s informaci\u00f3n sobre los aud\u00edfonos retroauriculares en\u00a0<a href=\"https:\/\/chinahearingaid.com\/es\/bte-hearing-aids\/\" target=\"_blank\" rel=\"noopener\">P\u00e1gina de aud\u00edfonos retroauriculares<\/a><br \/>\nM\u00e1s informaci\u00f3n sobre las opciones recargables en\u00a0<a href=\"https:\/\/chinahearingaid.com\/es\/rechargeable-hearing-aids\/\" target=\"_blank\" rel=\"noopener\">Aud\u00edfonos recargables<\/a><br \/>\nLea sobre todas las soluciones auditivas de Amazon FBA en\u00a0<a href=\"https:\/\/chinahearingaid.com\/es\/z07-amazon-bte-rechargeable-hearing-aids-factory-supply\/\" target=\"_blank\" rel=\"noopener\">Suministro de f\u00e1brica de aud\u00edfonos recargables Amazon<\/a><\/p>\n<h2 data-v-md-heading=\"quick-feature-table\" data-v-md-line=\"79\"><strong>Tabla de caracter\u00edsticas r\u00e1pidas<\/strong><\/h2>\n\n<table id=\"tablepress-3\" class=\"tablepress tablepress-id-3\">\n<thead>\n<tr class=\"row-1\">\n\t<th class=\"column-1\">Nombre del producto<\/th><td class=\"column-2\"><\/td>\n<\/tr>\n<\/thead>\n<tbody class=\"row-striping row-hover\">\n<tr class=\"row-2\">\n\t<td class=\"column-1\"><\/td><td class=\"column-2\"><\/td>\n<\/tr>\n<tr class=\"row-3\">\n\t<td class=\"column-1\">Battery Life<\/td><td class=\"column-2\">24 horas<\/td>\n<\/tr>\n<tr class=\"row-4\">\n\t<td class=\"column-1\">V\u00eda de carga<\/td><td class=\"column-2\">USB-C<\/td>\n<\/tr>\n<tr class=\"row-5\">\n\t<td class=\"column-1\">Modos<\/td><td class=\"column-2\">Grupo (H) y Silencio (L)<\/td>\n<\/tr>\n<tr class=\"row-6\">\n\t<td class=\"column-1\">Reducci\u00f3n del ruido<\/td><td class=\"column-2\">S\u00ed<\/td>\n<\/tr>\n<tr class=\"row-7\">\n\t<td class=\"column-1\">Dise\u00f1o<\/td><td class=\"column-2\">Retroauriculares (retroauriculares)<\/td>\n<\/tr>\n<tr class=\"row-8\">\n\t<td class=\"column-1\">Conforme<\/td><td class=\"column-2\">FDA, OTC<\/td>\n<\/tr>\n<tr class=\"row-9\">\n\t<td class=\"column-1\">Pedido m\u00ednimo<\/td><td class=\"column-2\">50 unidades (a granel)<\/td>\n<\/tr>\n<tr class=\"row-10\">\n\t<td class=\"column-1\">Garant\u00eda<\/td><td class=\"column-2\">1 a\u00f1o<\/td>\n<\/tr>\n<\/tbody>\n<\/table>\n<!-- #tablepress-3 from cache -->\n<h2 data-v-md-heading=\"why-buy-from-a-hearing-aid-factory\" data-v-md-line=\"95\"><strong>\u00bfPor qu\u00e9 comprar en una f\u00e1brica de aud\u00edfonos?<\/strong><\/h2>\n<ul data-v-md-line=\"97\">\n<li>Los mejores precios para grandes pedidos<\/li>\n<li>Env\u00edo r\u00e1pido a todo el mundo<\/li>\n<li>Marca personalizada para su tienda<\/li>\n<li>Suministro de f\u00e1brica de aud\u00edfonos recargables Amazon de confianza<\/li>\n<\/ul>\n<p data-v-md-line=\"105\"><strong>Pida hoy mismo sus aud\u00edfonos retroauriculares Factory Supply. \u00a1Simplifique la audici\u00f3n!<\/strong><\/p>","protected":false},"excerpt":{"rendered":"<p>Suministro de f\u00e1brica de aud\u00edfonos retroauriculares (BTE) Mejora la audici\u00f3n en lugares silenciosos y ruidosos. Caracter\u00edsticas principales: Recargable (sin cambio de pila, uso todo el d\u00eda), pila de 24 horas, ligero y c\u00f3modo, reducci\u00f3n de ruido para un sonido claro, modos H\/L f\u00e1ciles (grupos\/TV), cumple con la FDA. Para p\u00e9rdidas auditivas leves-fuertes; ni\u00f1os, adultos, personas mayores. Ideal para revendedores: Suministro a granel (m\u00e1s de 50 unidades), preparado para Amazon FBA, marca blanca. De confianza, env\u00edo r\u00e1pido. Haga su pedido hoy mismo.<\/p>","protected":false},"featured_media":3233,"template":"","meta":{"_kad_post_transparent":"default","_kad_post_title":"","_kad_post_layout":"default","_kad_post_sidebar_id":"","_kad_post_content_style":"default","_kad_post_vertical_padding":"default","_kad_post_feature":"","_kad_post_feature_position":"","_kad_post_header":false,"_kad_post_footer":false,"_kad_post_classname":""},"product_brand":[],"product_cat":[15,544,559,563],"product_tag":[731,730],"class_list":{"0":"post-2317","1":"product","2":"type-product","3":"status-publish","4":"has-post-thumbnail","6":"product_cat-hearing-aid-by-types","7":"product_cat-bte-hearing-aids","8":"product_cat-hearing-aid-by-features","9":"product_cat-rechargeable-hearing-aids","10":"product_tag-amazon-rechargeable-hearing-aids-factory-supply","11":"product_tag-bte-hearing-aids-factory-supply","13":"first","14":"instock","15":"shipping-taxable","16":"product-type-simple","17":"entry","18":"content-bg","19":"loop-entry"},"_links":{"self":[{"href":"https:\/\/chinahearingaid.com\/es\/wp-json\/wp\/v2\/product\/2317","targetHints":{"allow":["GET"]}}],"collection":[{"href":"https:\/\/chinahearingaid.com\/es\/wp-json\/wp\/v2\/product"}],"about":[{"href":"https:\/\/chinahearingaid.com\/es\/wp-json\/wp\/v2\/types\/product"}],"wp:featuredmedia":[{"embeddable":true,"href":"https:\/\/chinahearingaid.com\/es\/wp-json\/wp\/v2\/media\/3233"}],"wp:attachment":[{"href":"https:\/\/chinahearingaid.com\/es\/wp-json\/wp\/v2\/media?parent=2317"}],"wp:term":[{"taxonomy":"product_brand","embeddable":true,"href":"https:\/\/chinahearingaid.com\/es\/wp-json\/wp\/v2\/product_brand?post=2317"},{"taxonomy":"product_cat","embeddable":true,"href":"https:\/\/chinahearingaid.com\/es\/wp-json\/wp\/v2\/product_cat?post=2317"},{"taxonomy":"product_tag","embeddable":true,"href":"https:\/\/chinahearingaid.com\/es\/wp-json\/wp\/v2\/product_tag?post=2317"}],"curies":[{"name":"wp","href":"https:\/\/api.w.org\/{rel}","templated":true}]}}