{"id":2318,"date":"2025-05-23T02:55:44","date_gmt":"2025-05-23T02:55:44","guid":{"rendered":"https:\/\/chinahearingaid.com\/?post_type=product&#038;p=2318"},"modified":"2025-06-15T06:46:56","modified_gmt":"2025-06-15T06:46:56","slug":"zf4-small-rechargeable-hearing-aids-bte-exporting-custom","status":"publish","type":"product","link":"https:\/\/chinahearingaid.com\/es\/zf4-small-rechargeable-hearing-aids-bte-exporting-custom\/","title":{"rendered":"ZF4 Peque\u00f1os aud\u00edfonos recargables BTE Exportar personalizado"},"content":{"rendered":"<h2 data-v-md-heading=\"what-is-zf4\" data-v-md-line=\"9\"><strong>\u00bfQu\u00e9 es ZF4?<\/strong><\/h2>\n<p data-v-md-line=\"11\">ZF4 Peque\u00f1os aud\u00edfonos recargables Exportar personalizado son\u00a0<strong>peque\u00f1o<\/strong>Si\u00e9ntate\u00a0<strong>detr\u00e1s de la oreja<\/strong>y utilice\u00a0<strong>bater\u00edas que puede cargar<\/strong>.<br \/>\nPuede pedirlos para una persona, para su tienda o para su hospital.<\/p>\n<h2 data-v-md-heading=\"great-things-about-zf4\" data-v-md-line=\"16\"><strong>Lo mejor de ZF4<\/strong><\/h2>\n<h3 data-v-md-heading=\"_1-easiest-to-use\" data-v-md-line=\"18\"><strong>1. M\u00e1s f\u00e1cil de usar<\/strong><\/h3>\n<ul data-v-md-line=\"19\">\n<li><strong>P\u00f3ntelo detr\u00e1s de la oreja.<\/strong><\/li>\n<li><strong>No hay que cambiar las pilas.<\/strong>\u00a0C\u00e1rgalo por la noche.<\/li>\n<li><strong>Toca para hacer el sonido m\u00e1s fuerte o m\u00e1s suave.<\/strong><\/li>\n<li><strong>Muy, muy ligero.<\/strong>\u00a0S\u00f3lo 2,2 gramos.<\/li>\n<\/ul>\n<h3 data-v-md-heading=\"_2-so-many-features\" data-v-md-line=\"25\"><strong>2. Muchas funciones.<\/strong><\/h3>\n<ul data-v-md-line=\"26\">\n<li><strong>Dura 30 horas con una carga.<\/strong><\/li>\n<li><strong>Bloquea los ruidos fuertes.<\/strong>\u00a0Le permite o\u00edr mejor las voces, incluso en lugares concurridos.<\/li>\n<li><strong>Colores para todos.<\/strong><\/li>\n<\/ul>\n<h3 data-v-md-heading=\"_3-for-every-place\" data-v-md-line=\"33\"><strong>3. Para cada lugar<\/strong><\/h3>\n<ul data-v-md-line=\"34\">\n<li><strong>En casa, en la escuela, en el trabajo.<\/strong><\/li>\n<li><strong>Ideal para ni\u00f1os y mayores.<\/strong><\/li>\n<li><strong>Puedes conseguir muchos para tu tienda.<\/strong><\/li>\n<\/ul>\n<h3 data-v-md-heading=\"_4-best-for-export\" data-v-md-line=\"39\"><strong>4. Lo mejor para la exportaci\u00f3n<\/strong><\/h3>\n<ul data-v-md-line=\"40\">\n<li><strong>Listo para su env\u00edo a cualquier pa\u00eds.<\/strong><\/li>\n<li><strong>Tiene todo lo necesario para las normas en todas partes (CE, FDA, ISO 13485).<\/strong><\/li>\n<li><strong>Dispone de gu\u00edas en varios idiomas.<\/strong><\/li>\n<li><strong>Embalaje sencillo para grandes pedidos.<\/strong><\/li>\n<\/ul>\n<h2 data-v-md-heading=\"see-zf4-in-action\" data-v-md-line=\"47\"><strong>Vea el ZF4 en acci\u00f3n<\/strong><\/h2>\n\n<table id=\"tablepress-1\" class=\"tablepress tablepress-id-1\">\n<thead>\n<tr class=\"row-1\">\n\t<th class=\"column-1\">Caracter\u00edstica<\/th><th class=\"column-2\">Por qu\u00e9 le ayuda<\/th>\n<\/tr>\n<\/thead>\n<tbody class=\"row-striping row-hover\">\n<tr class=\"row-2\">\n\t<td class=\"column-1\">Peque\u00f1o tama\u00f1o, ligero<\/td><td class=\"column-2\">Te olvidas de que est\u00e1 ah\u00ed.<\/td>\n<\/tr>\n<tr class=\"row-3\">\n\t<td class=\"column-1\">Bater\u00eda recargable, m\u00e1s de 30 horas<\/td><td class=\"column-2\">Funciona todo el d\u00eda, se carga por la noche. No hay que cambiar las pilas.<\/td>\n<\/tr>\n<tr class=\"row-4\">\n\t<td class=\"column-1\">Bluetooth<\/td><td class=\"column-2\">Use el tel\u00e9fono, la televisi\u00f3n o la m\u00fasica, sin cables.<\/td>\n<\/tr>\n<tr class=\"row-5\">\n\t<td class=\"column-1\">Reducci\u00f3n del ruido, tecnolog\u00eda inteligente AI<\/td><td class=\"column-2\">Escucha s\u00f3lo lo que quieras, bloquea el viento y los ruidos de la ciudad.<\/td>\n<\/tr>\n<tr class=\"row-6\">\n\t<td class=\"column-1\">Resistente al agua y al polvo (IP68)<\/td><td class=\"column-2\">Ll\u00e9valo en el parque, bajo la lluvia o haciendo deporte.<\/td>\n<\/tr>\n<tr class=\"row-7\">\n\t<td class=\"column-1\">Color, ajuste y logotipo personalizados<\/td><td class=\"column-2\">Elige tu propio look. Ponle el nombre de tu tienda.<\/td>\n<\/tr>\n<tr class=\"row-8\">\n\t<td class=\"column-1\">Certificado para la exportaci\u00f3n<\/td><td class=\"column-2\">Compra para tu pa\u00eds, aprueba todas las leyes.<\/td>\n<\/tr>\n<\/tbody>\n<\/table>\n<!-- #tablepress-1 from cache -->\n<p><strong style=\"font-family: inherit; font-size: 28px;\">\u00bfQui\u00e9n utiliza ZF4?<\/strong><\/p>\n<ul data-v-md-line=\"63\">\n<li><strong>Ni\u00f1os y adultos<\/strong>\u00a0con p\u00e9rdida auditiva<\/li>\n<li><strong>Tiendas y cl\u00ednicas<\/strong>\u00a0que venden aud\u00edfonos<\/li>\n<li><strong>Hospitales y grupos<\/strong>\u00a0para muchas personas<\/li>\n<li><strong>Aud\u00edfonos retroauriculares Exportaci\u00f3n Compradores a medida<\/strong><\/li>\n<li><strong>Personas que quieren Peque\u00f1os aud\u00edfonos recargables Exportaci\u00f3n personalizada<\/strong><\/li>\n<\/ul>\n<h2 data-v-md-heading=\"why-pick-zf4\" data-v-md-line=\"70\"><strong>\u00bfPor qu\u00e9 elegir ZF4?<\/strong><\/h2>\n<ul data-v-md-line=\"72\">\n<li><strong>\u3088\u304f\u3042\u308b\u8cea\u554f<\/strong><\/li>\n<li><strong>Ahorra dinero<\/strong>\u00a0(carga, sin pilas)<\/li>\n<li><strong>Sonido superclaro<\/strong><\/li>\n<li><strong>Se env\u00eda a cualquier parte<\/strong><\/li>\n<\/ul>\n<h2 data-v-md-heading=\"want-to-learn-more\" data-v-md-line=\"78\"><strong>\u00bfQuiere saber m\u00e1s?<\/strong><\/h2>\n<ul data-v-md-line=\"80\">\n<li>Descubra\u00a0<a href=\"https:\/\/chinahearingaid.com\/es\/zf4-small-rechargeable-hearing-aids-bte-exporting-custom\/\" target=\"_blank\" rel=\"noopener\">BTE Hearing Aids Exporting Custom - ver detalles completos del producto.<\/a><\/li>\n<li>Explorar m\u00e1s \u00fatil\u00a0<a href=\"https:\/\/chinahearingaid.com\/es\/zf4-small-rechargeable-hearing-aids-bte-exporting-custom\/\" target=\"_blank\" rel=\"noopener\">Peque\u00f1os aud\u00edfonos recargables Exportar personalizado.<\/a><\/li>\n<li>Ver todos los tipos en\u00a0<a href=\"https:\/\/chinahearingaid.com\/es\/bte-hearing-aids\/\" target=\"_blank\" rel=\"noopener\">Aud\u00edfonos retroauriculares.<\/a><\/li>\n<li>Tienda\u00a0<a href=\"https:\/\/chinahearingaid.com\/es\/rechargeable-hearing-aids\/\" target=\"_blank\" rel=\"noopener\">Aud\u00edfonos recargables para m\u00e1s opciones.<\/a><\/li>\n<\/ul>\n<p data-v-md-line=\"88\"><strong>Toda la informaci\u00f3n procede de fuentes fiables y de los mejores fabricantes de aud\u00edfonos.<\/strong><br \/>\nPara m\u00e1s informaci\u00f3n, consulte\u00a0<a href=\"https:\/\/chinahearingaid.com\/es\/hearing-aid-by-types\/\" target=\"_blank\" rel=\"noopener\">Aud\u00edfonos por tipo<\/a>\u00a0y\u00a0<a href=\"https:\/\/chinahearingaid.com\/es\/bluetooth-hearing-aids\/\" target=\"_blank\" rel=\"noopener\">Aud\u00edfonos Bluetooth<\/a>\u00a0para diferentes opciones.<\/p>","protected":false},"excerpt":{"rendered":"<p>ZF4: Peque\u00f1os aud\u00edfonos retroauriculares recargables. Personalizados y listos para exportar. F\u00e1ciles de usar: carga nocturna. Ligeros (2,2 g) para una mayor comodidad durante todo el d\u00eda. Bater\u00eda de 30 horas y reducci\u00f3n de ruido avanzada para un sonido n\u00edtido. Personalizable. Certificaci\u00f3n CE, FDA e ISO para exportaci\u00f3n a todo el mundo. Perfecto para particulares, tiendas y hospitales.<\/p>","protected":false},"featured_media":3076,"template":"","meta":{"_kad_post_transparent":"default","_kad_post_title":"","_kad_post_layout":"default","_kad_post_sidebar_id":"","_kad_post_content_style":"default","_kad_post_vertical_padding":"default","_kad_post_feature":"","_kad_post_feature_position":"","_kad_post_header":false,"_kad_post_footer":false,"_kad_post_classname":""},"product_brand":[],"product_cat":[15,544,559,563],"product_tag":[728,729],"class_list":{"0":"post-2318","1":"product","2":"type-product","3":"status-publish","4":"has-post-thumbnail","6":"product_cat-hearing-aid-by-types","7":"product_cat-bte-hearing-aids","8":"product_cat-hearing-aid-by-features","9":"product_cat-rechargeable-hearing-aids","10":"product_tag-bte-hearing-aids-exporting-custom","11":"product_tag-small-rechargeable-hearing-aids-exporting-custom","13":"first","14":"instock","15":"shipping-taxable","16":"product-type-simple","17":"entry","18":"content-bg","19":"loop-entry"},"_links":{"self":[{"href":"https:\/\/chinahearingaid.com\/es\/wp-json\/wp\/v2\/product\/2318","targetHints":{"allow":["GET"]}}],"collection":[{"href":"https:\/\/chinahearingaid.com\/es\/wp-json\/wp\/v2\/product"}],"about":[{"href":"https:\/\/chinahearingaid.com\/es\/wp-json\/wp\/v2\/types\/product"}],"wp:featuredmedia":[{"embeddable":true,"href":"https:\/\/chinahearingaid.com\/es\/wp-json\/wp\/v2\/media\/3076"}],"wp:attachment":[{"href":"https:\/\/chinahearingaid.com\/es\/wp-json\/wp\/v2\/media?parent=2318"}],"wp:term":[{"taxonomy":"product_brand","embeddable":true,"href":"https:\/\/chinahearingaid.com\/es\/wp-json\/wp\/v2\/product_brand?post=2318"},{"taxonomy":"product_cat","embeddable":true,"href":"https:\/\/chinahearingaid.com\/es\/wp-json\/wp\/v2\/product_cat?post=2318"},{"taxonomy":"product_tag","embeddable":true,"href":"https:\/\/chinahearingaid.com\/es\/wp-json\/wp\/v2\/product_tag?post=2318"}],"curies":[{"name":"wp","href":"https:\/\/api.w.org\/{rel}","templated":true}]}}